{"id":639,"date":"2018-06-05T18:37:42","date_gmt":"2018-06-05T20:37:42","guid":{"rendered":"http:\/\/www.gruposuprimed.com.br\/?page_id=639"},"modified":"2018-06-08T13:44:14","modified_gmt":"2018-06-08T15:44:14","slug":"a-denuncia-pode-ser-anonima","status":"publish","type":"page","link":"https:\/\/gruposuprimed.com.br\/canal-de-denuncia\/a-denuncia-pode-ser-anonima\/","title":{"rendered":"A den\u00fancia pode ser an\u00f4nima?"},"content":{"rendered":"<p>O anonimato \u00e9 garantido tanto pela internet como por telefone, j\u00e1 que n\u00e3o h\u00e1 registro dos IPs dos computadores dos denunciantes ou rastreamento das liga\u00e7\u00f5es. Se optar pelo anonimato, n\u00e3o forne\u00e7a, no relato, detalhes que possam revelar a sua identidade.<\/p>\n<h2 class='red'>ATEN\u00c7\u00c3O!<\/h2>\n<p>Diferentemente das den\u00fancias de fraude e corrup\u00e7\u00e3o, que possibilitam, de modo geral, uma apura\u00e7\u00e3o com evid\u00eancias objetivas, as quest\u00f5es comportamentais como ass\u00e9dio moral, ass\u00e9dio sexual, discrimina\u00e7\u00e3o ou viol\u00eancia f\u00edsica e psicol\u00f3gica, necessitam, para sua apura\u00e7\u00e3o, de informa\u00e7\u00f5es como:<\/p>\n<ul>\n<li>Nome do suposto agressor;<\/li>\n<li>Situa\u00e7\u00f5es concretas (relato detalhado sobre os epis\u00f3dios e como ocorreram);<\/li>\n<li>Datas e locais das ocorr\u00eancias;<\/li>\n<li>Nomes de eventuais testemunhas;<\/li>\n<li>Fotos e evid\u00eancias.<\/li>\n<\/ul>\n<p>A aus\u00eancia de fatos objetivos e a apresenta\u00e7\u00e3o de relatos sucintos, gen\u00e9ricos e repletos de ju\u00edzos de valor comprometem a apura\u00e7\u00e3o e, por consequ\u00eancia, seus resultados. Importante esclarecer que, embora esse tipo de den\u00fancia possa ser apresentado anonimamente, o Departamento de Compliance recomenda a identifica\u00e7\u00e3o e dados de contato do denunciante para que possa aprofundar os detalhes do relato e garantir maiores possibilidades de um bom tratamento. Nesse sentido, o Compliance Officer ratifica seu compromisso de confidencialidade e de que n\u00e3o tratar\u00e1 de nenhuma den\u00fancia de forma identificada com as \u00e1reas gestoras ou de apura\u00e7\u00e3o sem que haja o consentimento do denunciante.<\/p>\n","protected":false},"excerpt":{"rendered":"<p>O anonimato \u00e9 garantido tanto pela internet como por telefone, j\u00e1 que n\u00e3o h\u00e1 registro dos IPs dos computadores dos denunciantes ou rastreamento das liga\u00e7\u00f5es. Se optar pelo anonimato, n\u00e3o forne\u00e7a, no relato, detalhes que possam revelar a sua identidade. ATEN\u00c7\u00c3O! Diferentemente das den\u00fancias de fraude e corrup\u00e7\u00e3o, que possibilitam, de modo geral, uma apura\u00e7\u00e3o [&hellip;]<\/p>\n","protected":false},"author":1,"featured_media":0,"parent":0,"menu_order":0,"comment_status":"closed","ping_status":"closed","template":"modelo-denuncia.php","meta":{"footnotes":""},"class_list":["post-639","page","type-page","status-publish","hentry"],"yoast_head":"<!-- This site is optimized with the Yoast SEO plugin v23.7 - https:\/\/yoast.com\/wordpress\/plugins\/seo\/ -->\n<title>A den\u00fancia pode ser an\u00f4nima? - Suprimed<\/title>\n<meta name=\"robots\" content=\"index, follow, max-snippet:-1, max-image-preview:large, max-video-preview:-1\" \/>\n<link rel=\"canonical\" href=\"https:\/\/gruposuprimed.com.br\/canal-de-denuncia\/a-denuncia-pode-ser-anonima\/\" \/>\n<meta property=\"og:locale\" content=\"pt_BR\" \/>\n<meta property=\"og:type\" content=\"article\" \/>\n<meta property=\"og:title\" content=\"A den\u00fancia pode ser an\u00f4nima? - Suprimed\" \/>\n<meta property=\"og:description\" content=\"O anonimato \u00e9 garantido tanto pela internet como por telefone, j\u00e1 que n\u00e3o h\u00e1 registro dos IPs dos computadores dos denunciantes ou rastreamento das liga\u00e7\u00f5es. Se optar pelo anonimato, n\u00e3o forne\u00e7a, no relato, detalhes que possam revelar a sua identidade. ATEN\u00c7\u00c3O! Diferentemente das den\u00fancias de fraude e corrup\u00e7\u00e3o, que possibilitam, de modo geral, uma apura\u00e7\u00e3o [&hellip;]\" \/>\n<meta property=\"og:url\" content=\"https:\/\/gruposuprimed.com.br\/canal-de-denuncia\/a-denuncia-pode-ser-anonima\/\" \/>\n<meta property=\"og:site_name\" content=\"Suprimed\" \/>\n<meta property=\"article:modified_time\" content=\"2018-06-08T15:44:14+00:00\" \/>\n<meta property=\"og:image\" content=\"https:\/\/gruposuprimed.com.br\/canal-de-denuncia\/wp-content\/uploads\/2024\/05\/logo-suprimed-pb-1.png\" \/>\n\t<meta property=\"og:image:width\" content=\"199\" \/>\n\t<meta property=\"og:image:height\" content=\"48\" \/>\n\t<meta property=\"og:image:type\" content=\"image\/png\" \/>\n<meta name=\"twitter:card\" content=\"summary_large_image\" \/>\n<meta name=\"twitter:label1\" content=\"Est. tempo de leitura\" \/>\n\t<meta name=\"twitter:data1\" content=\"1 minuto\" \/>\n<script type=\"application\/ld+json\" class=\"yoast-schema-graph\">{\"@context\":\"https:\/\/schema.org\",\"@graph\":[{\"@type\":\"WebPage\",\"@id\":\"https:\/\/gruposuprimed.com.br\/canal-de-denuncia\/a-denuncia-pode-ser-anonima\/\",\"url\":\"https:\/\/gruposuprimed.com.br\/canal-de-denuncia\/a-denuncia-pode-ser-anonima\/\",\"name\":\"A den\u00fancia pode ser an\u00f4nima? - Suprimed\",\"isPartOf\":{\"@id\":\"https:\/\/www.gruposuprimed.com.br\/canal-de-denuncia\/#website\"},\"datePublished\":\"2018-06-05T20:37:42+00:00\",\"dateModified\":\"2018-06-08T15:44:14+00:00\",\"breadcrumb\":{\"@id\":\"https:\/\/gruposuprimed.com.br\/canal-de-denuncia\/a-denuncia-pode-ser-anonima\/#breadcrumb\"},\"inLanguage\":\"pt-BR\",\"potentialAction\":[{\"@type\":\"ReadAction\",\"target\":[\"https:\/\/gruposuprimed.com.br\/canal-de-denuncia\/a-denuncia-pode-ser-anonima\/\"]}]},{\"@type\":\"BreadcrumbList\",\"@id\":\"https:\/\/gruposuprimed.com.br\/canal-de-denuncia\/a-denuncia-pode-ser-anonima\/#breadcrumb\",\"itemListElement\":[{\"@type\":\"ListItem\",\"position\":1,\"name\":\"In\u00edcio\",\"item\":\"https:\/\/www.gruposuprimed.com.br\/canal-de-denuncia\/\"},{\"@type\":\"ListItem\",\"position\":2,\"name\":\"A den\u00fancia pode ser an\u00f4nima?\"}]},{\"@type\":\"WebSite\",\"@id\":\"https:\/\/www.gruposuprimed.com.br\/canal-de-denuncia\/#website\",\"url\":\"https:\/\/www.gruposuprimed.com.br\/canal-de-denuncia\/\",\"name\":\"Suprimed\",\"description\":\"Produtos m\u00e9dicos de qualidade\",\"potentialAction\":[{\"@type\":\"SearchAction\",\"target\":{\"@type\":\"EntryPoint\",\"urlTemplate\":\"https:\/\/www.gruposuprimed.com.br\/canal-de-denuncia\/?s={search_term_string}\"},\"query-input\":{\"@type\":\"PropertyValueSpecification\",\"valueRequired\":true,\"valueName\":\"search_term_string\"}}],\"inLanguage\":\"pt-BR\"}]}<\/script>\n<!-- \/ Yoast SEO plugin. -->","yoast_head_json":{"title":"A den\u00fancia pode ser an\u00f4nima? - Suprimed","robots":{"index":"index","follow":"follow","max-snippet":"max-snippet:-1","max-image-preview":"max-image-preview:large","max-video-preview":"max-video-preview:-1"},"canonical":"https:\/\/gruposuprimed.com.br\/canal-de-denuncia\/a-denuncia-pode-ser-anonima\/","og_locale":"pt_BR","og_type":"article","og_title":"A den\u00fancia pode ser an\u00f4nima? - Suprimed","og_description":"O anonimato \u00e9 garantido tanto pela internet como por telefone, j\u00e1 que n\u00e3o h\u00e1 registro dos IPs dos computadores dos denunciantes ou rastreamento das liga\u00e7\u00f5es. Se optar pelo anonimato, n\u00e3o forne\u00e7a, no relato, detalhes que possam revelar a sua identidade. ATEN\u00c7\u00c3O! Diferentemente das den\u00fancias de fraude e corrup\u00e7\u00e3o, que possibilitam, de modo geral, uma apura\u00e7\u00e3o [&hellip;]","og_url":"https:\/\/gruposuprimed.com.br\/canal-de-denuncia\/a-denuncia-pode-ser-anonima\/","og_site_name":"Suprimed","article_modified_time":"2018-06-08T15:44:14+00:00","og_image":[{"width":199,"height":48,"url":"https:\/\/gruposuprimed.com.br\/canal-de-denuncia\/wp-content\/uploads\/2024\/05\/logo-suprimed-pb-1.png","type":"image\/png"}],"twitter_card":"summary_large_image","twitter_misc":{"Est. tempo de leitura":"1 minuto"},"schema":{"@context":"https:\/\/schema.org","@graph":[{"@type":"WebPage","@id":"https:\/\/gruposuprimed.com.br\/canal-de-denuncia\/a-denuncia-pode-ser-anonima\/","url":"https:\/\/gruposuprimed.com.br\/canal-de-denuncia\/a-denuncia-pode-ser-anonima\/","name":"A den\u00fancia pode ser an\u00f4nima? - Suprimed","isPartOf":{"@id":"https:\/\/www.gruposuprimed.com.br\/canal-de-denuncia\/#website"},"datePublished":"2018-06-05T20:37:42+00:00","dateModified":"2018-06-08T15:44:14+00:00","breadcrumb":{"@id":"https:\/\/gruposuprimed.com.br\/canal-de-denuncia\/a-denuncia-pode-ser-anonima\/#breadcrumb"},"inLanguage":"pt-BR","potentialAction":[{"@type":"ReadAction","target":["https:\/\/gruposuprimed.com.br\/canal-de-denuncia\/a-denuncia-pode-ser-anonima\/"]}]},{"@type":"BreadcrumbList","@id":"https:\/\/gruposuprimed.com.br\/canal-de-denuncia\/a-denuncia-pode-ser-anonima\/#breadcrumb","itemListElement":[{"@type":"ListItem","position":1,"name":"In\u00edcio","item":"https:\/\/www.gruposuprimed.com.br\/canal-de-denuncia\/"},{"@type":"ListItem","position":2,"name":"A den\u00fancia pode ser an\u00f4nima?"}]},{"@type":"WebSite","@id":"https:\/\/www.gruposuprimed.com.br\/canal-de-denuncia\/#website","url":"https:\/\/www.gruposuprimed.com.br\/canal-de-denuncia\/","name":"Suprimed","description":"Produtos m\u00e9dicos de qualidade","potentialAction":[{"@type":"SearchAction","target":{"@type":"EntryPoint","urlTemplate":"https:\/\/www.gruposuprimed.com.br\/canal-de-denuncia\/?s={search_term_string}"},"query-input":{"@type":"PropertyValueSpecification","valueRequired":true,"valueName":"search_term_string"}}],"inLanguage":"pt-BR"}]}},"_links":{"self":[{"href":"https:\/\/gruposuprimed.com.br\/canal-de-denuncia\/wp-json\/wp\/v2\/pages\/639","targetHints":{"allow":["GET"]}}],"collection":[{"href":"https:\/\/gruposuprimed.com.br\/canal-de-denuncia\/wp-json\/wp\/v2\/pages"}],"about":[{"href":"https:\/\/gruposuprimed.com.br\/canal-de-denuncia\/wp-json\/wp\/v2\/types\/page"}],"author":[{"embeddable":true,"href":"https:\/\/gruposuprimed.com.br\/canal-de-denuncia\/wp-json\/wp\/v2\/users\/1"}],"replies":[{"embeddable":true,"href":"https:\/\/gruposuprimed.com.br\/canal-de-denuncia\/wp-json\/wp\/v2\/comments?post=639"}],"version-history":[{"count":4,"href":"https:\/\/gruposuprimed.com.br\/canal-de-denuncia\/wp-json\/wp\/v2\/pages\/639\/revisions"}],"predecessor-version":[{"id":676,"href":"https:\/\/gruposuprimed.com.br\/canal-de-denuncia\/wp-json\/wp\/v2\/pages\/639\/revisions\/676"}],"wp:attachment":[{"href":"https:\/\/gruposuprimed.com.br\/canal-de-denuncia\/wp-json\/wp\/v2\/media?parent=639"}],"curies":[{"name":"wp","href":"https:\/\/api.w.org\/{rel}","templated":true}]}}