{"id":15515,"date":"2022-06-29T17:10:28","date_gmt":"2022-06-29T17:10:28","guid":{"rendered":"http:\/\/gruposuprimed.midiaver.com.br\/?page_id=15515"},"modified":"2023-11-23T12:49:42","modified_gmt":"2023-11-23T12:49:42","slug":"about-us","status":"publish","type":"page","link":"https:\/\/gruposuprimed.com.br\/en\/about-us\/","title":{"rendered":"About Us"},"content":{"rendered":"<div class=\"wpb-content-wrapper\"><p>[vc_row top_padding=&#8221;40&#8243; bottom_padding=&#8221;80&#8243; row_id=&#8221;quem-somos&#8221;][vc_column el_class=&#8221;bg-quem-somos&#8221; bg_image=&#8221;15439&#8243; column_padding=&#8221;custom-padding&#8221; column_custompadding=&#8221;30px&#8221; width=&#8221;1\/2&#8243;]<div class=\"single_image wpb_content_element align-center   image_zoom imagem-de-destaque\" data-animation=\"none\" data-delay=\"0\"><img loading=\"lazy\" decoding=\"async\" width=\"1600\" height=\"900\" src=\"https:\/\/gruposuprimed.com.br\/en\/wp-content\/uploads\/2023\/03\/Foto-Home.jpeg\" class=\"attachment-full\" alt=\"\" title=\"Foto Home\" srcset=\"https:\/\/gruposuprimed.com.br\/en\/wp-content\/uploads\/2023\/03\/Foto-Home.jpeg 1600w, https:\/\/gruposuprimed.com.br\/en\/wp-content\/uploads\/2023\/03\/Foto-Home-300x169.jpeg 300w, https:\/\/gruposuprimed.com.br\/en\/wp-content\/uploads\/2023\/03\/Foto-Home-768x432.jpeg 768w, https:\/\/gruposuprimed.com.br\/en\/wp-content\/uploads\/2023\/03\/Foto-Home-1024x576.jpeg 1024w, https:\/\/gruposuprimed.com.br\/en\/wp-content\/uploads\/2023\/03\/Foto-Home-1000x563.jpeg 1000w\" sizes=\"auto, (max-width: 1600px) 100vw, 1600px\" \/><\/div><div class=\"spacer\" style=\"height: 40px;\"><\/div>[vc_tta_tabs][vc_tta_section title=&#8221;Mission&#8221; tab_id=&#8221;missao&#8221;][vc_column_text]Provide integrated services, with continuous excellence, for healthcare and well-being.[\/vc_column_text][\/vc_tta_section][vc_tta_section title=&#8221;Vision&#8221; tab_id=&#8221;visao&#8221;][vc_column_text]To be recognized as the best commercial company providing the distribution and logistics solutions in healthcare and wellness.[\/vc_column_text][\/vc_tta_section][vc_tta_section title=&#8221;Values&#8221; tab_id=&#8221;valores&#8221;]<div class=\"minti_list wpb_content_element color-grey point\" style=\"\">\n<ul>\n<li>Respect<\/li>\n<li>Credibility<\/li>\n<li>Quality<\/li>\n<li>Integrity<\/li>\n<li>Human Development<\/li>\n<li>Social Responsibility<\/li>\n<\/ul>\n<\/div>[\/vc_tta_section][\/vc_tta_tabs][\/vc_column][vc_column width=&#8221;1\/2&#8243;]<h1 class=\"headline font-inherit fontsize-xxxxxl fontweight-300 lh-12 align-left transform-inherit \" style=\"margin: 0 0 10px 0; color: #274573;\">About Us<\/h1><div class=\"newdivider align-left\" style=\"border-bottom-style: solid; border-color: #b73a35; border-bottom-width: 5px; margin-top: 0; margin-bottom: 0; width: 100px; \"><\/div><div class=\"clear\"><\/div><div class=\"headline font-inherit fontsize-s fontweight-300 lh-12 align-left transform-inherit justify\" style=\"margin: 20px 0 40px 0; color: #595959;\">The Suprimed Group is one of the largest and most respected distributors of medical, surgical and hospital products in Brazil.<\/p>\n<p>Our first unit opened in 1996 in the city of S\u00e3o Jos\u00e9 dos Campos, in the state of S\u00e3o Paulo. Over the years, the group has grown and expanded its operations to other cities and states.<\/p>\n<p>The group aims to provide integrated services with continuous excellence for healthcare and well-being. Therefore, in addition to acting as a distributor of medical and hospital supplies, the company adds value with trained human resources and logistics focused on the segment.<\/p>\n<p>After many years of commitment, perseverance and challenges in order to become a pioneer in the country&#8217;s healthcare marketplace. Now, in order to maintain our leading position, we are reinventing ourselves institutionally to serve this niche, which is constantly being renewed both in terms of new technologies and in terms of the market, with mergers and acquisitions by large companies in the segment.<\/p>\n<p>The Suprimed Group is ready for this new phase and is always looking for partner companies that work with cutting-edge products that can mitigate pain and extend patients&#8217; life expectancy.<\/p>\n<p>Suprimed Group \u2013 26+ years celebrating life and making history nationwide!<\/div>[\/vc_column][\/vc_row][vc_row bg_image=&#8221;15438&#8243; parallax_bg=&#8221;true&#8221; bg_color=&#8221;#1e73be&#8221; text_color=&#8221;light&#8221; top_padding=&#8221;40&#8243; bottom_padding=&#8221;40&#8243; row_id=&#8221;oculto&#8221; bg_position=&#8221;center center&#8221;][vc_column width=&#8221;1\/4&#8243;]<div class=\"counter clearfix wpb_content_element\"><div class=\"counter-number\" style=\"color: #ffffff !important;\">1996<\/div><span class=\"counter-title\">Desde 1996 no Mercado<\/span><\/div>[\/vc_column][vc_column width=&#8221;1\/4&#8243;]<div class=\"counter clearfix wpb_content_element\"><div class=\"counter-number\" style=\"color: #ffffff !important;\">190<\/div><span class=\"counter-title\">Mais de 190 colaboradores<\/span><\/div>[\/vc_column][vc_column width=&#8221;1\/4&#8243;]<div class=\"counter clearfix wpb_content_element\"><div class=\"counter-number\" style=\"color: #ffffff !important;\">5000<\/div><span class=\"counter-title\">Colabora\u00e7\u00e3o em mais de 5 mil cirurgias<\/span><\/div>[\/vc_column][vc_column width=&#8221;1\/4&#8243;]<div class=\"counter clearfix wpb_content_element\"><div class=\"counter-number\" style=\"color: #ffffff !important;\">800<\/div><span class=\"counter-title\">Mais de 800 Cidades alcan\u00e7adas<\/span><\/div>[\/vc_column][\/vc_row]<\/p>\n<\/div>","protected":false},"excerpt":{"rendered":"<p>[vc_row top_padding=&#8221;40&#8243; bottom_padding=&#8221;80&#8243; row_id=&#8221;quem-somos&#8221;][vc_column el_class=&#8221;bg-quem-somos&#8221; bg_image=&#8221;15439&#8243; column_padding=&#8221;custom-padding&#8221; column_custompadding=&#8221;30px&#8221; width=&#8221;1\/2&#8243;][vc_tta_tabs][vc_tta_section title=&#8221;Mission&#8221; tab_id=&#8221;missao&#8221;][vc_column_text]Provide integrated services, with continuous excellence, for healthcare and well-being.[\/vc_column_text][\/vc_tta_section][vc_tta_section title=&#8221;Vision&#8221; tab_id=&#8221;visao&#8221;][vc_column_text]To be recognized as the best commercial company providing the distribution and logistics solutions in healthcare and wellness.[\/vc_column_text][\/vc_tta_section][vc_tta_section title=&#8221;Values&#8221; tab_id=&#8221;valores&#8221;][\/vc_tta_section][\/vc_tta_tabs][\/vc_column][vc_column width=&#8221;1\/2&#8243;][\/vc_column][\/vc_row][vc_row bg_image=&#8221;15438&#8243; parallax_bg=&#8221;true&#8221; bg_color=&#8221;#1e73be&#8221; text_color=&#8221;light&#8221; top_padding=&#8221;40&#8243; bottom_padding=&#8221;40&#8243; row_id=&#8221;oculto&#8221; bg_position=&#8221;center center&#8221;][vc_column width=&#8221;1\/4&#8243;][\/vc_column][vc_column width=&#8221;1\/4&#8243;][\/vc_column][vc_column width=&#8221;1\/4&#8243;][\/vc_column][vc_column width=&#8221;1\/4&#8243;][\/vc_column][\/vc_row]<\/p>\n","protected":false},"author":1,"featured_media":0,"parent":0,"menu_order":0,"comment_status":"closed","ping_status":"closed","template":"","meta":{"footnotes":""},"class_list":["post-15515","page","type-page","status-publish","hentry"],"_links":{"self":[{"href":"https:\/\/gruposuprimed.com.br\/en\/wp-json\/wp\/v2\/pages\/15515","targetHints":{"allow":["GET"]}}],"collection":[{"href":"https:\/\/gruposuprimed.com.br\/en\/wp-json\/wp\/v2\/pages"}],"about":[{"href":"https:\/\/gruposuprimed.com.br\/en\/wp-json\/wp\/v2\/types\/page"}],"author":[{"embeddable":true,"href":"https:\/\/gruposuprimed.com.br\/en\/wp-json\/wp\/v2\/users\/1"}],"replies":[{"embeddable":true,"href":"https:\/\/gruposuprimed.com.br\/en\/wp-json\/wp\/v2\/comments?post=15515"}],"version-history":[{"count":3,"href":"https:\/\/gruposuprimed.com.br\/en\/wp-json\/wp\/v2\/pages\/15515\/revisions"}],"predecessor-version":[{"id":16599,"href":"https:\/\/gruposuprimed.com.br\/en\/wp-json\/wp\/v2\/pages\/15515\/revisions\/16599"}],"wp:attachment":[{"href":"https:\/\/gruposuprimed.com.br\/en\/wp-json\/wp\/v2\/media?parent=15515"}],"curies":[{"name":"wp","href":"https:\/\/api.w.org\/{rel}","templated":true}]}}