{"id":15652,"date":"2022-07-26T19:36:44","date_gmt":"2022-07-26T19:36:44","guid":{"rendered":"http:\/\/gruposuprimed.midiaver.com.br\/?page_id=15652"},"modified":"2023-11-23T13:33:09","modified_gmt":"2023-11-23T13:33:09","slug":"bandages-and-dressings","status":"publish","type":"page","link":"https:\/\/gruposuprimed.com.br\/en\/bandages-and-dressings\/","title":{"rendered":"Bandages and Dressings"},"content":{"rendered":"<div class=\"wpb-content-wrapper\"><p>[vc_row top_padding=&#8221;40&#8243; bottom_padding=&#8221;80&#8243; row_id=&#8221;quem-somos&#8221;][vc_column bg_image=&#8221;15439&#8243; column_padding=&#8221;custom-padding&#8221; column_custompadding=&#8221;30px&#8221; width=&#8221;1\/2&#8243;]<div class=\"single_image wpb_content_element align-center   image_zoom imagem-de-destaque imagem-produto\" data-animation=\"none\" data-delay=\"0\"><img loading=\"lazy\" decoding=\"async\" width=\"1000\" height=\"457\" src=\"https:\/\/gruposuprimed.com.br\/en\/wp-content\/uploads\/2022\/07\/Curativos-1.jpg\" class=\"attachment-full\" alt=\"\" title=\"\" srcset=\"https:\/\/gruposuprimed.com.br\/en\/wp-content\/uploads\/2022\/07\/Curativos-1.jpg 1000w, https:\/\/gruposuprimed.com.br\/en\/wp-content\/uploads\/2022\/07\/Curativos-1-300x137.jpg 300w, https:\/\/gruposuprimed.com.br\/en\/wp-content\/uploads\/2022\/07\/Curativos-1-768x351.jpg 768w\" sizes=\"auto, (max-width: 1000px) 100vw, 1000px\" \/><\/div>[\/vc_column][vc_column width=&#8221;1\/2&#8243;]<h1 class=\"headline font-inherit fontsize-xxxxxl fontweight-300 lh-12 align-left transform-inherit \" style=\"margin: 0 0 10px 0; color: #274573;\">Bandages and Dressings<\/h1><div class=\"newdivider align-left\" style=\"border-bottom-style: solid; border-color: #b73a35; border-bottom-width: 5px; margin-top: 0; margin-bottom: 20px; width: 100px; \"><\/div><div class=\"clear\"><\/div><div class=\"single_image wpb_content_element align-left  animate   logo-produtos\" data-animation=\"fade-in-from-top\" data-delay=\"50\"><img decoding=\"async\" class=\"\" src=\"https:\/\/gruposuprimed.com.br\/en\/wp-content\/uploads\/2022\/10\/Logo-3M-Copia-80x39.jpg\" width=\"80\" height=\"39\" alt=\"Logo 3M - Copia\" title=\"Logo 3M - Copia\" loading=\"lazy\" \/><\/div><div class=\"headline font-inherit fontsize-s fontweight-300 lh-12 align-left transform-inherit \" style=\"margin: -30px 0 20px 0; color: #595959;\">Negative Pressure<\/div><div class=\"minti_list wpb_content_element color-grey point\" style=\"\">VAC\u00ae Therapy promotes cicatrization through negative pressure wound therapy (NPWT). By delivering negative pressure (vacuum) to the wound site via a patented dressing, it helps to draw wound edges together, remove infectious materials and actively promote granulation at a cellular level.<\/div><div class=\"headline font-inherit fontsize-s fontweight-300 lh-12 align-left transform-inherit \" style=\"margin: 30px 0 20px 0; color: #595959;\">Dermal Regeneration Matrix<\/div><div class=\"minti_list wpb_content_element color-grey point\" style=\"\">Solution for the treatment of complex wounds, suitable for reconstructive surgery, trauma, burns, among others.<\/div><div class=\"headline font-inherit fontsize-xs fontweight-300 lh-12 align-left transform-inherit \" style=\"margin: -20px 0 20px 0; color: #595959;\"><a href=\"https:\/\/www.3m.com\/\" target=\"_blank\" rel=\"noopener\"><strong>https:\/\/www.3m.com\/<\/strong><\/a><\/div><div class=\"headline font-inherit fontsize-xs fontweight-300 lh-12 align-left transform-inherit \" style=\"margin: 0 0 20px 0; color: #595959;\"><strong>NOTE:<\/strong> Product available only for part of the interior of the state of S\u00e3o Paulo.<\/div><a href=\"https:\/\/gruposuprimed.com.br\/en\/ask-for-a-price-quote\/\" target=\"_self\" class=\"button button-appear color-2 large \" style=\"border-radius: 4px;\"><span>ASK FOR A PRICE QUOTE<i class='fa fa-chevron-right'><\/i><\/span><\/a><div class=\"spacer\" style=\"height: 50px;\"><\/div><div class=\"single_image wpb_content_element align-left  animate   logo-produtos\" data-animation=\"fade-in-from-top\" data-delay=\"50\"><img decoding=\"async\" class=\"\" src=\"https:\/\/gruposuprimed.com.br\/en\/wp-content\/uploads\/2022\/06\/systagenix-parceiro-suprimed-1.jpg\" width=\"180\" height=\"87\" alt=\"systagenix-parceiro-suprimed\" title=\"systagenix-parceiro-suprimed\" loading=\"lazy\" \/><\/div><div class=\"headline font-inherit fontsize-s fontweight-300 lh-12 align-left transform-inherit \" style=\"margin: -30px 0 20px 0; color: #595959;\">Systagenix<\/div><div class=\"minti_list wpb_content_element color-grey point\" style=\"\">Systagenix is committed to providing innovative products and services that produce clinical and economic results in the treatment and closure of chronic and acute wounds.<\/p>\n<p>Develop and sell advanced therapy and diagnostic systems that allow healthcare professionals to heal all wounds in a predictable and economically viable manner.<\/p>\n<p>\u201cSystagenix endeavors to meet the needs of wound care within the modern concept of healthcare.\u201d<\/div><div class=\"headline font-inherit fontsize-xs fontweight-300 lh-12 align-left transform-inherit \" style=\"margin: -20px 0 20px 0; color: #595959;\"><a href=\"http:\/\/www.systagenix.com.br\/\" target=\"_blank\" rel=\"noopener\"><strong>http:\/\/www.systagenix.com.br\/<\/strong><\/a><\/div><div class=\"headline font-inherit fontsize-xs fontweight-300 lh-12 align-left transform-inherit \" style=\"margin: 0 0 20px 0; color: #595959;\"><strong>NOTE:<\/strong> Product available only for part of the interior of the state of S\u00e3o Paulo.<\/div><a href=\"https:\/\/gruposuprimed.com.br\/en\/ask-for-a-price-quote\/\" target=\"_self\" class=\"button button-appear color-2 large \" style=\"border-radius: 4px;\"><span>ASK FOR A PRICE QUOTE<i class='fa fa-chevron-right'><\/i><\/span><\/a><div class=\"spacer\" style=\"height: 50px;\"><\/div><div class=\"single_image wpb_content_element align-left  animate   logo-produtos-smithnephew\" data-animation=\"fade-in-from-top\" data-delay=\"50\"><img decoding=\"async\" class=\"\" src=\"https:\/\/gruposuprimed.com.br\/en\/wp-content\/uploads\/2022\/07\/Logo-S-N-_Prancheta_PNG-1.jpg\" width=\"180\" height=\"87\" alt=\"Logo S N _Prancheta_PNG\" title=\"Logo S N _Prancheta_PNG\" loading=\"lazy\" \/><\/div><div class=\"minti_list wpb_content_element color-grey point\" style=\"\">\n<p class=\"v1v1MsoNormal\">Smith+Nephew&#8217;s portfolio for advanced wound management provides comprehensive solutions to meet broad and complex clinical needs, and to help healthcare professionals reduce the human and economic consequences of wounds. This includes products for the treatment of acute and chronic wounds, such as leg, diabetic and pressure ulcers, burns and postoperative wounds.<\/p>\n<p class=\"v1v1MsoNormal\">We operate with the &#8220;gold&#8221; protocol both in covering dressings and in portable and ultraportable Negative Pressure Therapy (vacuum dressing).<\/p>\n<\/div><div class=\"headline font-inherit fontsize-xs fontweight-300 lh-12 align-left transform-inherit \" style=\"margin: -20px 0 20px 0; color: #595959;\"><a href=\"https:\/\/www.smith-nephew.com\/\" target=\"_blank\" rel=\"noopener\"><strong>https:\/\/www.smith-nephew.com\/<\/strong><\/a><\/div><div class=\"headline font-inherit fontsize-xs fontweight-300 lh-12 align-left transform-inherit \" style=\"margin: 0 0 20px 0; color: #595959;\"><strong>NOTE:<\/strong> Product available for the entire Vale do Para\u00edba region and cities in the areas of Campinas, Sorocaba, Piracicaba and S\u00e3o Jo\u00e3o da Boa Vista.<\/div><a href=\"https:\/\/gruposuprimed.com.br\/en\/ask-for-a-price-quote\/\" target=\"_self\" class=\"button button-appear color-2 large \" style=\"border-radius: 4px;\"><span>ASK FOR A PRICE QUOTE<i class='fa fa-chevron-right'><\/i><\/span><\/a>[\/vc_column][\/vc_row]<\/p>\n<\/div>","protected":false},"excerpt":{"rendered":"<p>[vc_row top_padding=&#8221;40&#8243; bottom_padding=&#8221;80&#8243; row_id=&#8221;quem-somos&#8221;][vc_column bg_image=&#8221;15439&#8243; column_padding=&#8221;custom-padding&#8221; column_custompadding=&#8221;30px&#8221; width=&#8221;1\/2&#8243;][\/vc_column][vc_column width=&#8221;1\/2&#8243;][\/vc_column][\/vc_row]<\/p>\n","protected":false},"author":1,"featured_media":0,"parent":0,"menu_order":0,"comment_status":"closed","ping_status":"closed","template":"","meta":{"footnotes":""},"class_list":["post-15652","page","type-page","status-publish","hentry"],"_links":{"self":[{"href":"https:\/\/gruposuprimed.com.br\/en\/wp-json\/wp\/v2\/pages\/15652","targetHints":{"allow":["GET"]}}],"collection":[{"href":"https:\/\/gruposuprimed.com.br\/en\/wp-json\/wp\/v2\/pages"}],"about":[{"href":"https:\/\/gruposuprimed.com.br\/en\/wp-json\/wp\/v2\/types\/page"}],"author":[{"embeddable":true,"href":"https:\/\/gruposuprimed.com.br\/en\/wp-json\/wp\/v2\/users\/1"}],"replies":[{"embeddable":true,"href":"https:\/\/gruposuprimed.com.br\/en\/wp-json\/wp\/v2\/comments?post=15652"}],"version-history":[{"count":2,"href":"https:\/\/gruposuprimed.com.br\/en\/wp-json\/wp\/v2\/pages\/15652\/revisions"}],"predecessor-version":[{"id":16608,"href":"https:\/\/gruposuprimed.com.br\/en\/wp-json\/wp\/v2\/pages\/15652\/revisions\/16608"}],"wp:attachment":[{"href":"https:\/\/gruposuprimed.com.br\/en\/wp-json\/wp\/v2\/media?parent=15652"}],"curies":[{"name":"wp","href":"https:\/\/api.w.org\/{rel}","templated":true}]}}