{"id":15735,"date":"2022-07-29T20:04:28","date_gmt":"2022-07-29T20:04:28","guid":{"rendered":"http:\/\/gruposuprimed.midiaver.com.br\/?page_id=15735"},"modified":"2023-11-23T15:53:37","modified_gmt":"2023-11-23T15:53:37","slug":"investor-relations","status":"publish","type":"page","link":"https:\/\/gruposuprimed.com.br\/en\/investor-relations\/","title":{"rendered":"Investor Relations"},"content":{"rendered":"<div class=\"wpb-content-wrapper\"><p>[vc_row bg_image=&#8221;15699&#8243; bg_repeat=&#8221;repeat&#8221; bg_color=&#8221;#1cbac8&#8243; text_color=&#8221;light&#8221; top_padding=&#8221;50&#8243; bottom_padding=&#8221;60&#8243; bg_position=&#8221;center center&#8221;][vc_column width=&#8221;1\/1&#8243;]<h1 class=\"headline font-special fontsize-xxxxl fontweight-700 lh-12 align-center transform-uppercase \" style=\"margin: 0;\">Investor Relations<\/h1><div class=\"headline font-inherit fontsize-m fontweight-300 lh-12 align-center transform-inherit \" style=\"margin: 0; color: rgba(255,255,255,0.6);\">Check out the individual and consolidated financial statements for 2019, 2020, 2021<\/div>[\/vc_column][\/vc_row][vc_row top_padding=&#8221;60&#8243; bottom_padding=&#8221;100&#8243; row_id=&#8221;relacoes-com-investidores&#8221;][vc_column column_padding=&#8221;custom-padding&#8221; column_custompadding=&#8221;0 30px 30px 30px&#8221; width=&#8221;1\/1&#8243;]<div class=\"single_image wpb_content_element align-center   image_zoom imagem-de-destaque\" data-animation=\"none\" data-delay=\"0\"><img loading=\"lazy\" decoding=\"async\" width=\"1200\" height=\"400\" src=\"https:\/\/gruposuprimed.com.br\/en\/wp-content\/uploads\/2022\/07\/suprimed-participacoes-desktop-1.jpg\" class=\"attachment-full\" alt=\"\" title=\"suprimed-participacoes-desktop\" srcset=\"https:\/\/gruposuprimed.com.br\/en\/wp-content\/uploads\/2022\/07\/suprimed-participacoes-desktop-1.jpg 1200w, https:\/\/gruposuprimed.com.br\/en\/wp-content\/uploads\/2022\/07\/suprimed-participacoes-desktop-1-300x100.jpg 300w, https:\/\/gruposuprimed.com.br\/en\/wp-content\/uploads\/2022\/07\/suprimed-participacoes-desktop-1-768x256.jpg 768w, https:\/\/gruposuprimed.com.br\/en\/wp-content\/uploads\/2022\/07\/suprimed-participacoes-desktop-1-1024x341.jpg 1024w\" sizes=\"auto, (max-width: 1200px) 100vw, 1200px\" \/><\/div>[\/vc_column][vc_column width=&#8221;1\/3&#8243;]<div class=\"iconbox  iconbox-style-7 icon-color-accent color-dark clearfix\"><img src='https:\/\/gruposuprimed.com.br\/en\/wp-content\/uploads\/2022\/07\/pdf-download-1.png' class='iconimg' \/><h3>Parecer e Demonstra\u00e7\u00f5es Financeiras 2022<\/h3><p><a href=\"https:\/\/gruposuprimed.com.br\/download\/16242\/\" target=\"_blank\" class=\"button color-3 large \" style=\"border-radius: 2px;\">Download<\/a><\/p><\/div>[\/vc_column][vc_column width=&#8221;1\/3&#8243;]<div class=\"iconbox  iconbox-style-7 icon-color-accent color-dark clearfix\"><img src='https:\/\/gruposuprimed.com.br\/en\/wp-content\/uploads\/2022\/07\/pdf-download-1.png' class='iconimg' \/><h3>Relat\u00f3rio Anual do Agente Fiduci\u00e1rio Exerc\u00edcio 2022 - Suprimed Participa\u00e7\u00f5es<\/h3><p><a href=\"https:\/\/gruposuprimed.com.br\/download\/16167\/\" target=\"_blank\" class=\"button color-3 large \" style=\"border-radius: 2px;\">Download<\/a><\/p><\/div>[\/vc_column][vc_column width=&#8221;1\/3&#8243;]<div class=\"iconbox  iconbox-style-7 icon-color-accent color-dark clearfix\"><img src='https:\/\/gruposuprimed.com.br\/en\/wp-content\/uploads\/2022\/07\/pdf-download-1.png' class='iconimg' \/><h3>Parecer Final BDO 2021 - Consolidado Holding - Suprimed Participa\u00e7\u00f5es<\/h3><p><a href=\"https:\/\/gruposuprimed.com.br\/en\/wp-content\/uploads\/2022\/09\/Parecer-Final-BDO-2021-Consolidado-Holding-Suprimed-Participa\u00e7\u00f5es.pdf\" target=\"_blank\" class=\"button color-3 large \" style=\"border-radius: 2px;\">Download<\/a><\/p><\/div>[\/vc_column][vc_column width=&#8221;1\/3&#8243;]<div class=\"iconbox  iconbox-style-7 icon-color-accent color-dark clearfix\"><img src='https:\/\/gruposuprimed.com.br\/en\/wp-content\/uploads\/2022\/07\/pdf-download-1.png' class='iconimg' \/><h3>Parecer Final BDO 2020 - Consolidado Holding - Suprimed Participa\u00e7\u00f5es<\/h3><p><a href=\"https:\/\/gruposuprimed.com.br\/en\/wp-content\/uploads\/2022\/09\/Parecer-Final-BDO-2020-Consolidado-Holding-Suprimed-Participa\u00e7\u00f5es.pdf\" target=\"_blank\" class=\"button color-3 large \" style=\"border-radius: 2px;\">Download<\/a><\/p><\/div>[\/vc_column][vc_column width=&#8221;1\/3&#8243;]<div class=\"iconbox  iconbox-style-7 icon-color-accent color-dark clearfix\"><img src='https:\/\/gruposuprimed.com.br\/en\/wp-content\/uploads\/2022\/07\/pdf-download-1.png' class='iconimg' \/><h3>Parecer Final BDO 2019 - Consolidado Holding - Suprimed Participa\u00e7\u00f5es<\/h3><p><a href=\"https:\/\/gruposuprimed.com.br\/en\/wp-content\/uploads\/2022\/09\/Parecer-Final-BDO-2019-Consolidado-Holding-Suprimed-Participa\u00e7\u00f5es.pdf\" target=\"_blank\" class=\"button color-3 large \" style=\"border-radius: 2px;\">Download<\/a><\/p><\/div>[\/vc_column][\/vc_row]<\/p>\n<\/div>","protected":false},"excerpt":{"rendered":"<p>[vc_row bg_image=&#8221;15699&#8243; bg_repeat=&#8221;repeat&#8221; bg_color=&#8221;#1cbac8&#8243; text_color=&#8221;light&#8221; top_padding=&#8221;50&#8243; bottom_padding=&#8221;60&#8243; bg_position=&#8221;center center&#8221;][vc_column width=&#8221;1\/1&#8243;][\/vc_column][\/vc_row][vc_row top_padding=&#8221;60&#8243; bottom_padding=&#8221;100&#8243; row_id=&#8221;relacoes-com-investidores&#8221;][vc_column column_padding=&#8221;custom-padding&#8221; column_custompadding=&#8221;0 30px 30px 30px&#8221; width=&#8221;1\/1&#8243;][\/vc_column][vc_column width=&#8221;1\/3&#8243;][\/vc_column][vc_column width=&#8221;1\/3&#8243;][\/vc_column][vc_column width=&#8221;1\/3&#8243;][\/vc_column][vc_column width=&#8221;1\/3&#8243;][\/vc_column][vc_column width=&#8221;1\/3&#8243;][\/vc_column][\/vc_row]<\/p>\n","protected":false},"author":1,"featured_media":0,"parent":0,"menu_order":0,"comment_status":"closed","ping_status":"closed","template":"","meta":{"footnotes":""},"class_list":["post-15735","page","type-page","status-publish","hentry"],"_links":{"self":[{"href":"https:\/\/gruposuprimed.com.br\/en\/wp-json\/wp\/v2\/pages\/15735","targetHints":{"allow":["GET"]}}],"collection":[{"href":"https:\/\/gruposuprimed.com.br\/en\/wp-json\/wp\/v2\/pages"}],"about":[{"href":"https:\/\/gruposuprimed.com.br\/en\/wp-json\/wp\/v2\/types\/page"}],"author":[{"embeddable":true,"href":"https:\/\/gruposuprimed.com.br\/en\/wp-json\/wp\/v2\/users\/1"}],"replies":[{"embeddable":true,"href":"https:\/\/gruposuprimed.com.br\/en\/wp-json\/wp\/v2\/comments?post=15735"}],"version-history":[{"count":2,"href":"https:\/\/gruposuprimed.com.br\/en\/wp-json\/wp\/v2\/pages\/15735\/revisions"}],"predecessor-version":[{"id":16645,"href":"https:\/\/gruposuprimed.com.br\/en\/wp-json\/wp\/v2\/pages\/15735\/revisions\/16645"}],"wp:attachment":[{"href":"https:\/\/gruposuprimed.com.br\/en\/wp-json\/wp\/v2\/media?parent=15735"}],"curies":[{"name":"wp","href":"https:\/\/api.w.org\/{rel}","templated":true}]}}