{"id":16379,"date":"2023-09-22T15:07:27","date_gmt":"2023-09-22T15:07:27","guid":{"rendered":"https:\/\/gruposuprimed.com.br\/?page_id=16379"},"modified":"2023-09-22T15:07:27","modified_gmt":"2023-09-22T15:07:27","slug":"monitoramento-de-pacientes-e-intervencoes-respiratorias","status":"publish","type":"page","link":"https:\/\/gruposuprimed.com.br\/en\/monitoramento-de-pacientes-e-intervencoes-respiratorias\/","title":{"rendered":"Monitoramento de pacientes e interven\u00e7\u00f5es respirat\u00f3rias"},"content":{"rendered":"<div class=\"wpb-content-wrapper\"><p>[vc_row top_padding=&#8221;40&#8243; bottom_padding=&#8221;80&#8243; row_id=&#8221;quem-somos&#8221;][vc_column bg_image=&#8221;15439&#8243; column_padding=&#8221;custom-padding&#8221; column_custompadding=&#8221;30px&#8221; width=&#8221;1\/2&#8243;]<div class=\"single_image wpb_content_element align-center   image_zoom imagem-de-destaque imagem-produto\" data-animation=\"none\" data-delay=\"0\"><img loading=\"lazy\" decoding=\"async\" width=\"1536\" height=\"825\" src=\"https:\/\/gruposuprimed.com.br\/en\/wp-content\/uploads\/2023\/09\/578c47f4-ai-saude-1536x825.jpg\" class=\"attachment-full\" alt=\"\" title=\"578c47f4-ai-saude-1536x825\" srcset=\"https:\/\/gruposuprimed.com.br\/en\/wp-content\/uploads\/2023\/09\/578c47f4-ai-saude-1536x825.jpg 1536w, https:\/\/gruposuprimed.com.br\/en\/wp-content\/uploads\/2023\/09\/578c47f4-ai-saude-1536x825-300x161.jpg 300w, https:\/\/gruposuprimed.com.br\/en\/wp-content\/uploads\/2023\/09\/578c47f4-ai-saude-1536x825-768x413.jpg 768w, https:\/\/gruposuprimed.com.br\/en\/wp-content\/uploads\/2023\/09\/578c47f4-ai-saude-1536x825-1024x550.jpg 1024w\" sizes=\"auto, (max-width: 1536px) 100vw, 1536px\" \/><\/div>[\/vc_column][vc_column width=&#8221;1\/2&#8243;]<h1 class=\"headline font-inherit fontsize-xxxl fontweight-300 lh-12 align-left transform-inherit \" style=\"margin: 0 0 10px 0; color: #274573;\">Monitoramento de pacientes e interven\u00e7\u00f5es respirat\u00f3rias<\/h1><div class=\"newdivider align-left\" style=\"border-bottom-style: solid; border-color: #b73a35; border-bottom-width: 5px; margin-top: 0; margin-bottom: 20px; width: 100px; \"><\/div><div class=\"clear\"><\/div><div class=\"single_image wpb_content_element align-left  animate   logo-produtos\" data-animation=\"fade-in-from-top\" data-delay=\"50\"><img decoding=\"async\" class=\"\" src=\"https:\/\/gruposuprimed.com.br\/en\/wp-content\/uploads\/2022\/07\/Imagem3-1-150x29.jpg\" width=\"150\" height=\"29\" alt=\"Imagem3\" title=\"Imagem3\" loading=\"lazy\" \/><\/div><div class=\"headline font-inherit fontsize-s fontweight-300 lh-12 align-left transform-inherit \" style=\"margin: -30px 0 20px 0; color: #595959;\">LINHA DE MONITORAMENTO DE PACIENTES E INTERVEN\u00c7\u00d5ES RESPIRAT\u00d3RIAS \u2013 (PM&amp;RI)<\/div><div class=\"minti_list wpb_content_element color-grey point\" style=\"\"><strong>Monitoramento<\/strong><\/p>\n<ul>\n<li class=\"v1v1MsoNormal\">Oximetria<\/li>\n<li class=\"v1v1MsoNormal\">Monitoramento de Temperatura<\/li>\n<li class=\"v1v1MsoNormal\">Oximetria<\/li>\n<li class=\"v1v1MsoNormal\">Oxicapnografia<\/li>\n<li class=\"v1v1MsoNormal\">BIS &#8211; monitoramento de profundidade anest\u00e9sica<\/li>\n<li class=\"v1v1MsoNormal\">INVOS- monitoriza\u00e7\u00e3o de oximetria cerebral<\/li>\n<\/ul>\n<\/div><div class=\"minti_list wpb_content_element color-grey point\" style=\"\"><strong>Interven\u00e7\u00e3o Respirat\u00f3ria<\/strong><\/p>\n<ul>\n<li>V\u00eddeo laringosc\u00f3pio e l\u00e2minas<\/li>\n<li>Tubos endotraqueais<\/li>\n<li>C\u00e2nulas de traqueostomia<\/li>\n<li>Guia entuba\u00e7\u00e3o traqueal<\/li>\n<li>Tubo seletivo<\/li>\n<li>Shiley neo, ped e adulta<\/li>\n<li>V\u00e1lvulas de fala<\/li>\n<li>Circuitos descart\u00e1veis<\/li>\n<li>Filtros: eletrost\u00e1ticos, mec\u00e2nicos e HME<\/li>\n<li>Catete mount<\/li>\n<\/ul>\n<\/div><div class=\"headline font-inherit fontsize-s fontweight-300 lh-12 align-left transform-inherit \" style=\"margin: -20px 0 50px 0; color: #595959;\">Especialidades: Anestesistas, Intensivistas, Enfermagem, cirurgia, UTI (cuidados pr\u00e9, intra e p\u00f3s operat\u00f3rio)<\/div><div class=\"headline font-inherit fontsize-xs fontweight-300 lh-12 align-left transform-inherit \" style=\"margin: -20px 0 20px 0; color: #595959;\"><a href=\"https:\/\/www.medtronic.com\/covidien\/en-gb\/respiratory-and-monitoring-solutions.html\" target=\"_blank\" rel=\"noopener\"><strong>https:\/\/www.medtronic.com\/covidien\/en-gb\/respiratory-and-monitoring-solutions.html<\/strong><\/a><\/div><div class=\"headline font-inherit fontsize-xs fontweight-300 lh-12 align-left transform-inherit \" style=\"margin: 0 0 20px 0; color: #595959;\"><strong>OBS:<\/strong> Linha de produtos dispon\u00edvel apenas nas regi\u00f5es Norte do pa\u00eds.<\/div><a href=\"https:\/\/gruposuprimed.com.br\/solicitar-orcamento\/\" target=\"_self\" class=\"button button-appear color-2 large \" style=\"border-radius: 4px;\"><span>Solicite um or\u00e7amento<i class='fa fa-chevron-right'><\/i><\/span><\/a>[\/vc_column][\/vc_row]<\/p>\n<\/div>","protected":false},"excerpt":{"rendered":"<p>[vc_row top_padding=&#8221;40&#8243; bottom_padding=&#8221;80&#8243; row_id=&#8221;quem-somos&#8221;][vc_column bg_image=&#8221;15439&#8243; column_padding=&#8221;custom-padding&#8221; column_custompadding=&#8221;30px&#8221; width=&#8221;1\/2&#8243;][\/vc_column][vc_column width=&#8221;1\/2&#8243;][\/vc_column][\/vc_row]<\/p>\n","protected":false},"author":1,"featured_media":0,"parent":0,"menu_order":0,"comment_status":"closed","ping_status":"closed","template":"","meta":{"footnotes":""},"class_list":["post-16379","page","type-page","status-publish","hentry"],"_links":{"self":[{"href":"https:\/\/gruposuprimed.com.br\/en\/wp-json\/wp\/v2\/pages\/16379","targetHints":{"allow":["GET"]}}],"collection":[{"href":"https:\/\/gruposuprimed.com.br\/en\/wp-json\/wp\/v2\/pages"}],"about":[{"href":"https:\/\/gruposuprimed.com.br\/en\/wp-json\/wp\/v2\/types\/page"}],"author":[{"embeddable":true,"href":"https:\/\/gruposuprimed.com.br\/en\/wp-json\/wp\/v2\/users\/1"}],"replies":[{"embeddable":true,"href":"https:\/\/gruposuprimed.com.br\/en\/wp-json\/wp\/v2\/comments?post=16379"}],"version-history":[{"count":0,"href":"https:\/\/gruposuprimed.com.br\/en\/wp-json\/wp\/v2\/pages\/16379\/revisions"}],"wp:attachment":[{"href":"https:\/\/gruposuprimed.com.br\/en\/wp-json\/wp\/v2\/media?parent=16379"}],"curies":[{"name":"wp","href":"https:\/\/api.w.org\/{rel}","templated":true}]}}