{"id":16412,"date":"2023-10-06T15:04:37","date_gmt":"2023-10-06T15:04:37","guid":{"rendered":"https:\/\/gruposuprimed.com.br\/?page_id=16412"},"modified":"2023-10-06T15:04:37","modified_gmt":"2023-10-06T15:04:37","slug":"esterilizacao-e-desinfeccao","status":"publish","type":"page","link":"https:\/\/gruposuprimed.com.br\/en\/esterilizacao-e-desinfeccao\/","title":{"rendered":"Esteriliza\u00e7\u00e3o e Desinfec\u00e7\u00e3o"},"content":{"rendered":"<div class=\"wpb-content-wrapper\"><p>[vc_row top_padding=&#8221;40&#8243; bottom_padding=&#8221;80&#8243; row_id=&#8221;quem-somos&#8221;][vc_column bg_image=&#8221;15439&#8243; column_padding=&#8221;custom-padding&#8221; column_custompadding=&#8221;30px&#8221; width=&#8221;1\/2&#8243;]<div class=\"single_image wpb_content_element align-center   image_zoom imagem-de-destaque imagem-produto\" data-animation=\"none\" data-delay=\"0\"><img loading=\"lazy\" decoding=\"async\" width=\"1024\" height=\"682\" src=\"https:\/\/gruposuprimed.com.br\/en\/wp-content\/uploads\/2023\/10\/imagem1.jpeg\" class=\"attachment-full\" alt=\"\" title=\"imagem1\" srcset=\"https:\/\/gruposuprimed.com.br\/en\/wp-content\/uploads\/2023\/10\/imagem1.jpeg 1024w, https:\/\/gruposuprimed.com.br\/en\/wp-content\/uploads\/2023\/10\/imagem1-300x200.jpeg 300w, https:\/\/gruposuprimed.com.br\/en\/wp-content\/uploads\/2023\/10\/imagem1-768x512.jpeg 768w, https:\/\/gruposuprimed.com.br\/en\/wp-content\/uploads\/2023\/10\/imagem1-600x400.jpeg 600w\" sizes=\"auto, (max-width: 1024px) 100vw, 1024px\" \/><\/div>[\/vc_column][vc_column width=&#8221;1\/2&#8243;]<h1 class=\"headline font-inherit fontsize-xxxl fontweight-300 lh-12 align-left transform-inherit \" style=\"margin: 0 0 10px 0; color: #274573;\">Esteriliza\u00e7\u00e3o e Desinfec\u00e7\u00e3o<\/h1><div class=\"newdivider align-left\" style=\"border-bottom-style: solid; border-color: #b73a35; border-bottom-width: 5px; margin-top: 0; margin-bottom: 20px; width: 100px; \"><\/div><div class=\"clear\"><\/div><div class=\"single_image wpb_content_element align-left  animate   logo-produtos\" data-animation=\"fade-in-from-top\" data-delay=\"50\"><img decoding=\"async\" class=\"\" src=\"https:\/\/gruposuprimed.com.br\/en\/wp-content\/uploads\/2023\/10\/ASP-150x73.jpg\" width=\"150\" height=\"73\" alt=\"ASP\" title=\"ASP\" loading=\"lazy\" \/><\/div><div class=\"headline font-inherit fontsize-s fontweight-300 lh-12 align-left transform-inherit \" style=\"margin: -30px 0 20px 0; color: #595959;\">A ASP &#8211; Advanced Sterilization Products &#8211; \u00e9 pioneira em esteriliza\u00e7\u00e3o por g\u00e1s plasma h\u00e1 mais de 30 anos.<br \/>\nOs produtos foram desenvolvidos com tecnologia avan\u00e7ada para promover a batalha contra IRAS (Infec\u00e7\u00e3o Relacionada \u00e0 Assist\u00eancia \u00e0 Sa\u00fade).<\/div><div class=\"minti_list wpb_content_element color-grey point\" style=\"\">\n<ul>\n<li>STERRAD Velocity: mais r\u00e1pido seguro e eficiente. Eleva o padr\u00e3o de monitoramento do processo de esteriliza\u00e7\u00e3o.<\/li>\n<li>ASP Access: efici\u00eancia e conformidade.<\/li>\n<li>ENDOCLENS-NSX: processador autom\u00e1tico de endosc\u00f3picos.<\/li>\n<li>CIDEZYME XTRA: detergente multienzim\u00e1tico.<\/li>\n<li>CIDEX OPA (0,55% Ortoftalalde\u00eddo): desidratante de alto n\u00edvel.<\/li>\n<li>Bandejas CIDEX TRAY: indispens\u00e1veis no processamento manual.<\/li>\n<\/ul>\n<\/div><div class=\"headline font-inherit fontsize-xs fontweight-300 lh-12 align-left transform-inherit \" style=\"margin: -20px 0 20px 0; color: #595959;\"><a href=\"https:\/\/www.asp.com\/pt-br\/produtos\/desinfeccao-de-alto-nivel\" target=\"_blank\" rel=\"noopener\"><strong>https:\/\/www.asp.com\/pt-br\/produtos\/desinfeccao-de-alto-nivel<\/strong><\/a><\/div><div class=\"headline font-inherit fontsize-xs fontweight-300 lh-12 align-left transform-inherit \" style=\"margin: 0 0 20px 0; color: #595959;\"><strong>OBS:<\/strong> Linha de produtos dispon\u00edvel apenas nas regi\u00f5es Norte do pa\u00eds.<\/div><a href=\"https:\/\/gruposuprimed.com.br\/solicitar-orcamento\/\" target=\"_self\" class=\"button button-appear color-2 large \" style=\"border-radius: 4px;\"><span>Solicite um or\u00e7amento<i class='fa fa-chevron-right'><\/i><\/span><\/a>[\/vc_column][\/vc_row]<\/p>\n<\/div>","protected":false},"excerpt":{"rendered":"<p>[vc_row top_padding=&#8221;40&#8243; bottom_padding=&#8221;80&#8243; row_id=&#8221;quem-somos&#8221;][vc_column bg_image=&#8221;15439&#8243; column_padding=&#8221;custom-padding&#8221; column_custompadding=&#8221;30px&#8221; width=&#8221;1\/2&#8243;][\/vc_column][vc_column width=&#8221;1\/2&#8243;][\/vc_column][\/vc_row]<\/p>\n","protected":false},"author":1,"featured_media":0,"parent":0,"menu_order":0,"comment_status":"closed","ping_status":"closed","template":"","meta":{"footnotes":""},"class_list":["post-16412","page","type-page","status-publish","hentry"],"_links":{"self":[{"href":"https:\/\/gruposuprimed.com.br\/en\/wp-json\/wp\/v2\/pages\/16412","targetHints":{"allow":["GET"]}}],"collection":[{"href":"https:\/\/gruposuprimed.com.br\/en\/wp-json\/wp\/v2\/pages"}],"about":[{"href":"https:\/\/gruposuprimed.com.br\/en\/wp-json\/wp\/v2\/types\/page"}],"author":[{"embeddable":true,"href":"https:\/\/gruposuprimed.com.br\/en\/wp-json\/wp\/v2\/users\/1"}],"replies":[{"embeddable":true,"href":"https:\/\/gruposuprimed.com.br\/en\/wp-json\/wp\/v2\/comments?post=16412"}],"version-history":[{"count":0,"href":"https:\/\/gruposuprimed.com.br\/en\/wp-json\/wp\/v2\/pages\/16412\/revisions"}],"wp:attachment":[{"href":"https:\/\/gruposuprimed.com.br\/en\/wp-json\/wp\/v2\/media?parent=16412"}],"curies":[{"name":"wp","href":"https:\/\/api.w.org\/{rel}","templated":true}]}}