{"id":4174,"date":"2014-01-27T14:04:26","date_gmt":"2014-01-27T14:04:26","guid":{"rendered":"http:\/\/localhost:8888\/themes\/novice\/?page_id=4174"},"modified":"2023-11-23T13:37:33","modified_gmt":"2023-11-23T13:37:33","slug":"home-2","status":"publish","type":"page","link":"https:\/\/gruposuprimed.com.br\/en\/","title":{"rendered":"Home"},"content":{"rendered":"<div class=\"wpb-content-wrapper\"><p>[vc_row type=&#8221;full_width_section&#8221; bg_position=&#8221;left top&#8221;][vc_column width=&#8221;1\/1&#8243;][rev_slider_vc alias=&#8221;home-suprimed&#8221;][\/vc_column][\/vc_row][vc_row top_padding=&#8221;40&#8243; bottom_padding=&#8221;80&#8243; row_id=&#8221;quem-somos&#8221;][vc_column bg_image=&#8221;15439&#8243; column_padding=&#8221;custom-padding&#8221; column_custompadding=&#8221;30px&#8221; column_center=&#8221;true&#8221; width=&#8221;1\/2&#8243;]<div class=\"single_image wpb_content_element align-center  image_box_rounded image_zoom imagem-de-destaque\" data-animation=\"none\" data-delay=\"0\"><a href=\"https:\/\/gruposuprimed.com.br\/en\/wp-content\/uploads\/2023\/03\/Foto-Home.jpeg\" class=\"prettyPhoto\" rel=\"prettyPhoto[image]\"><img loading=\"lazy\" decoding=\"async\" width=\"1600\" height=\"900\" src=\"https:\/\/gruposuprimed.com.br\/en\/wp-content\/uploads\/2023\/03\/Foto-Home.jpeg\" class=\"attachment-full\" alt=\"\" title=\"Foto Home\" srcset=\"https:\/\/gruposuprimed.com.br\/en\/wp-content\/uploads\/2023\/03\/Foto-Home.jpeg 1600w, https:\/\/gruposuprimed.com.br\/en\/wp-content\/uploads\/2023\/03\/Foto-Home-300x169.jpeg 300w, https:\/\/gruposuprimed.com.br\/en\/wp-content\/uploads\/2023\/03\/Foto-Home-768x432.jpeg 768w, https:\/\/gruposuprimed.com.br\/en\/wp-content\/uploads\/2023\/03\/Foto-Home-1024x576.jpeg 1024w, https:\/\/gruposuprimed.com.br\/en\/wp-content\/uploads\/2023\/03\/Foto-Home-1000x563.jpeg 1000w\" sizes=\"auto, (max-width: 1600px) 100vw, 1600px\" \/><\/a><\/div>[\/vc_column][vc_column width=&#8221;1\/2&#8243;]<div class=\"headline font-inherit fontsize-xxxxxl fontweight-300 lh-12 align-left transform-inherit \" style=\"margin: 0 0 10px 0; color: #274573;\">About Us<\/div><div class=\"newdivider align-left\" style=\"border-bottom-style: solid; border-color: #b73a35; border-bottom-width: 5px; margin-top: 0; margin-bottom: 0; width: 100px; \"><\/div><div class=\"clear\"><\/div><div class=\"headline font-inherit fontsize-s fontweight-300 lh-12 align-left transform-inherit \" style=\"margin: 20px 0 40px 0; color: #595959;\">The Suprimed Group is one of the largest and most respected distributors of medical, surgical and hospital products in Brazil.<\/p>\n<p>The first unit opened in 1996 in the city of S\u00e3o Jos\u00e9 dos Campos, state of S\u00e3o Paulo. Over the years, the group has grown and expanded its operations to other cities and states.<\/div><a href=\"\/about-us\/\" target=\"_self\" class=\"button button-appear color-3 large \" style=\"border-radius: 4px;\"><span>Saiba mais<i class='fa fa-chevron-right'><\/i><\/span><\/a>[\/vc_column][\/vc_row][vc_row bg_image=&#8221;15502&#8243; bg_repeat=&#8221;repeat&#8221; bg_color=&#8221;#f7f7f7&#8243; top_padding=&#8221;40&#8243; bottom_padding=&#8221;80&#8243; row_id=&#8221;o-que-fazemos&#8221;][vc_column width=&#8221;1\/6&#8243;][\/vc_column][vc_column width=&#8221;2\/3&#8243;]<div class=\"headline font-inherit fontsize-l fontweight-300 lh-inherit align-center transform-inherit \" style=\"margin: 0; color: #b73a35;\">Our services<\/div><div class=\"headline font-inherit fontsize-xxxxxl fontweight-300 lh-12 align-center transform-inherit \" style=\"margin: 0 0 10px 0; color: #274573;\">Technology and innovation in healthcare<\/div><div class=\"newdivider align-center\" style=\"border-bottom-style: solid; border-color: #b73a35; border-bottom-width: 5px; margin-top: 0; margin-bottom: 0; width: 100px; \"><\/div><div class=\"clear\"><\/div><div class=\"headline font-inherit fontsize-s fontweight-300 lh-12 align-center transform-inherit \" style=\"margin: 20px 0 40px 0; color: #595959;\">With a focus on innovation and technology, the Suprimed Group brings to the Brazilian market a portfolio of suppliers and manufacturers with worldwide recognition.<\/div>[\/vc_column][vc_column width=&#8221;1\/6&#8243;][\/vc_column][vc_column el_class=&#8221;servicos-item&#8221; bg_color=&#8221;#ffffff&#8221; text_align=&#8221;center&#8221; width=&#8221;1\/4&#8243;]<div class=\"spacer\" style=\"height: 30px;\"><\/div><div class=\"single_image wpb_content_element align-center    \" data-animation=\"none\" data-delay=\"0\"><img decoding=\"async\" class=\"\" src=\"https:\/\/gruposuprimed.com.br\/en\/wp-content\/uploads\/2022\/07\/acesso-vascular-1-180x196.png\" width=\"180\" height=\"196\" alt=\"acesso-vascular\" title=\"acesso-vascular\" loading=\"lazy\" \/><\/div><h1 class=\"headline font-inherit fontsize-l fontweight-600 lh-12 align-center transform-inherit \" style=\"margin: 0 0 20px 0; color: #274573;\">VASCULAR ACCESS<\/h1><a href=\"\/vascular-access\/\" target=\"_self\" class=\"button button-appear color-3 large \" style=\"border-radius: 4px;\"><span>Check Out<i class='fa fa-chevron-right'><\/i><\/span><\/a>[\/vc_column][vc_column el_class=&#8221;servicos-item&#8221; bg_color=&#8221;#ffffff&#8221; text_align=&#8221;center&#8221; width=&#8221;1\/4&#8243;]<div class=\"spacer\" style=\"height: 30px;\"><\/div><div class=\"single_image wpb_content_element align-center    \" data-animation=\"none\" data-delay=\"0\"><img decoding=\"async\" class=\"\" src=\"https:\/\/gruposuprimed.com.br\/en\/wp-content\/uploads\/2022\/06\/cardiologista-1-180x196.png\" width=\"180\" height=\"196\" alt=\"cardiologista\" title=\"cardiologista\" loading=\"lazy\" \/><\/div><h1 class=\"headline font-inherit fontsize-l fontweight-600 lh-12 align-center transform-inherit \" style=\"margin: 0 0 20px 0; color: #274573;\">CARDIOLOGY<\/h1><a href=\"\/cardiology\/\" target=\"_self\" class=\"button button-appear color-3 large \" style=\"border-radius: 4px;\"><span>Check Out<i class='fa fa-chevron-right'><\/i><\/span><\/a>[\/vc_column][vc_column el_class=&#8221;servicos-item&#8221; bg_color=&#8221;#ffffff&#8221; text_align=&#8221;center&#8221; width=&#8221;1\/4&#8243;]<div class=\"spacer\" style=\"height: 30px;\"><\/div><div class=\"single_image wpb_content_element align-center    \" data-animation=\"none\" data-delay=\"0\"><img decoding=\"async\" class=\"\" src=\"https:\/\/gruposuprimed.com.br\/en\/wp-content\/uploads\/2022\/06\/cirurgia-geral-1-180x196.png\" width=\"180\" height=\"196\" alt=\"cirurgia-geral\" title=\"cirurgia-geral\" loading=\"lazy\" \/><\/div><h1 class=\"headline font-inherit fontsize-l fontweight-600 lh-12 align-center transform-inherit \" style=\"margin: 0 0 20px 0; color: #274573;\">GENERAL SURGERY<\/h1><a href=\"\/general-surgery\/\" target=\"_self\" class=\"button button-appear color-3 large \" style=\"border-radius: 4px;\"><span>Check Out<i class='fa fa-chevron-right'><\/i><\/span><\/a>[\/vc_column][vc_column el_class=&#8221;servicos-item&#8221; bg_color=&#8221;#ffffff&#8221; text_align=&#8221;center&#8221; width=&#8221;1\/4&#8243;]<div class=\"spacer\" style=\"height: 30px;\"><\/div><div class=\"single_image wpb_content_element align-center    \" data-animation=\"none\" data-delay=\"0\"><img decoding=\"async\" class=\"\" src=\"https:\/\/gruposuprimed.com.br\/en\/wp-content\/uploads\/2022\/08\/curativos-1-1-180x196.png\" width=\"180\" height=\"196\" alt=\"curativos-1\" title=\"curativos-1\" loading=\"lazy\" \/><\/div><h1 class=\"headline font-inherit fontsize-l fontweight-600 lh-12 align-center transform-inherit \" style=\"margin: 0 0 20px 0; color: #274573;\">BANDAGES AND DRESSINGS<\/h1><a href=\"\/bandages-and-dressings\/\" target=\"_self\" class=\"button button-appear color-3 large \" style=\"border-radius: 4px;\"><span>Check Out<i class='fa fa-chevron-right'><\/i><\/span><\/a>[\/vc_column][\/vc_row][vc_row top_padding=&#8221;40&#8243; bottom_padding=&#8221;80&#8243; row_id=&#8221;parceiros&#8221;][vc_column width=&#8221;1\/1&#8243;]<div class=\"headline font-inherit fontsize-xxxxxl fontweight-300 lh-12 align-center transform-inherit \" style=\"margin: 0 0 10px 0; color: #274573;\">Partners<\/div><div class=\"newdivider align-center\" style=\"border-bottom-style: solid; border-color: #b73a35; border-bottom-width: 5px; margin-top: 0; margin-bottom: 0; width: 100px; \"><\/div><div class=\"clear\"><\/div><div class=\"spacer\" style=\"height: 40px;\"><\/div>[vc_column_text]\t\t<style>\n\t\t\t#wpls-logo-showcase-slider-1 .wpls-fix-box,\n\t\t\t#wpls-logo-showcase-slider-1 .wpls-fix-box img.wp-post-image{max-height:250px; }\n\t\t<\/style>\n\t\t<div class=\"wpls-wrap wpls-logo-showcase-slider-wrp wpls-logo-clearfix wpls-design-1 \" data-conf=\"{&quot;slides_column&quot;:&quot;5&quot;,&quot;slides_scroll&quot;:1,&quot;dots&quot;:&quot;true&quot;,&quot;arrows&quot;:&quot;true&quot;,&quot;autoplay&quot;:&quot;true&quot;,&quot;autoplay_interval&quot;:3000,&quot;loop&quot;:&quot;true&quot;,&quot;rtl&quot;:&quot;false&quot;,&quot;speed&quot;:800,&quot;center_mode&quot;:&quot;true&quot;,&quot;lazyload&quot;:&quot;&quot;}\">\n\t\t\t<div class=\"wpls-logo-showcase logo_showcase wpls-logo-slider wpls-center sliderimage_hide_border \" id=\"wpls-logo-showcase-slider-1\" >\n\t\t\t\t<div class=\"wpls-logo-cnt\">\n\t<div class=\"wpls-fix-box\">\n\t\t\t\t<img decoding=\"async\" class=\"wp-post-image\"  src=\"https:\/\/gruposuprimed.com.br\/en\/wp-content\/uploads\/2022\/07\/download.png\" alt=\"\" \/>\n\t\t\t<\/div>\n\t<\/div><div class=\"wpls-logo-cnt\">\n\t<div class=\"wpls-fix-box\">\n\t\t\t\t<img decoding=\"async\" class=\"wp-post-image\"  src=\"https:\/\/gruposuprimed.com.br\/en\/wp-content\/uploads\/2022\/07\/Imagem7-1.jpg\" alt=\"\" \/>\n\t\t\t<\/div>\n\t<\/div><div class=\"wpls-logo-cnt\">\n\t<div class=\"wpls-fix-box\">\n\t\t\t\t<img decoding=\"async\" class=\"wp-post-image\"  src=\"https:\/\/gruposuprimed.com.br\/en\/wp-content\/uploads\/2023\/10\/ASP.jpg\" alt=\"\" \/>\n\t\t\t<\/div>\n\t<\/div><div class=\"wpls-logo-cnt\">\n\t<div class=\"wpls-fix-box\">\n\t\t\t\t<img decoding=\"async\" class=\"wp-post-image\"  src=\"https:\/\/gruposuprimed.com.br\/en\/wp-content\/uploads\/2022\/07\/Logo-Baxter-azul-1.jpg\" alt=\"\" \/>\n\t\t\t<\/div>\n\t<\/div><div class=\"wpls-logo-cnt\">\n\t<div class=\"wpls-fix-box\">\n\t\t\t\t<img decoding=\"async\" class=\"wp-post-image\"  src=\"https:\/\/gruposuprimed.com.br\/en\/wp-content\/uploads\/2022\/07\/Imagem2-1.png\" alt=\"\" \/>\n\t\t\t<\/div>\n\t<\/div><div class=\"wpls-logo-cnt\">\n\t<div class=\"wpls-fix-box\">\n\t\t\t\t<img decoding=\"async\" class=\"wp-post-image\"  src=\"https:\/\/gruposuprimed.com.br\/en\/wp-content\/uploads\/2022\/07\/Logo-Edwards-1-1.jpg\" alt=\"\" \/>\n\t\t\t<\/div>\n\t<\/div><div class=\"wpls-logo-cnt\">\n\t<div class=\"wpls-fix-box\">\n\t\t\t\t<img decoding=\"async\" class=\"wp-post-image\"  src=\"https:\/\/gruposuprimed.com.br\/en\/wp-content\/uploads\/2022\/07\/Endopex-1-1.jpg\" alt=\"\" \/>\n\t\t\t<\/div>\n\t<\/div><div class=\"wpls-logo-cnt\">\n\t<div class=\"wpls-fix-box\">\n\t\t\t\t<img decoding=\"async\" class=\"wp-post-image\"  src=\"https:\/\/gruposuprimed.com.br\/en\/wp-content\/uploads\/2022\/06\/feel-clean-lencos-umedecidos-parceiro-suprimed-1.png\" alt=\"\" \/>\n\t\t\t<\/div>\n\t<\/div><div class=\"wpls-logo-cnt\">\n\t<div class=\"wpls-fix-box\">\n\t\t\t\t<img decoding=\"async\" class=\"wp-post-image\"  src=\"https:\/\/gruposuprimed.com.br\/en\/wp-content\/uploads\/2022\/06\/intersurgical-parceiro-suprimed-1.jpg\" alt=\"\" \/>\n\t\t\t<\/div>\n\t<\/div><div class=\"wpls-logo-cnt\">\n\t<div class=\"wpls-fix-box\">\n\t\t\t\t<img decoding=\"async\" class=\"wp-post-image\"  src=\"https:\/\/gruposuprimed.com.br\/en\/wp-content\/uploads\/2023\/06\/make-life-logo.jpg\" alt=\"\" \/>\n\t\t\t<\/div>\n\t<\/div><div class=\"wpls-logo-cnt\">\n\t<div class=\"wpls-fix-box\">\n\t\t\t\t<img decoding=\"async\" class=\"wp-post-image\"  src=\"https:\/\/gruposuprimed.com.br\/en\/wp-content\/uploads\/2022\/07\/Medtronic-1-1.jpg\" alt=\"\" \/>\n\t\t\t<\/div>\n\t<\/div><div class=\"wpls-logo-cnt\">\n\t<div class=\"wpls-fix-box\">\n\t\t\t\t<img decoding=\"async\" class=\"wp-post-image\"  src=\"https:\/\/gruposuprimed.com.br\/en\/wp-content\/uploads\/2022\/07\/Logo-S-N-_Prancheta_PNG-1.jpg\" alt=\"\" \/>\n\t\t\t<\/div>\n\t<\/div><div class=\"wpls-logo-cnt\">\n\t<div class=\"wpls-fix-box\">\n\t\t\t\t<img decoding=\"async\" class=\"wp-post-image\"  src=\"https:\/\/gruposuprimed.com.br\/en\/wp-content\/uploads\/2023\/03\/stryker_logo.jpg\" alt=\"\" \/>\n\t\t\t<\/div>\n\t<\/div><div class=\"wpls-logo-cnt\">\n\t<div class=\"wpls-fix-box\">\n\t\t\t\t<img decoding=\"async\" class=\"wp-post-image\"  src=\"https:\/\/gruposuprimed.com.br\/en\/wp-content\/uploads\/2023\/10\/suprimed-nutrition.jpg\" alt=\"\" \/>\n\t\t\t<\/div>\n\t<\/div><div class=\"wpls-logo-cnt\">\n\t<div class=\"wpls-fix-box\">\n\t\t\t\t<img decoding=\"async\" class=\"wp-post-image\"  src=\"https:\/\/gruposuprimed.com.br\/en\/wp-content\/uploads\/2022\/07\/Imagem1-1.png\" alt=\"\" \/>\n\t\t\t<\/div>\n\t<\/div>\t\t\t<\/div>\n\t\t<\/div>\n\n\t\t[\/vc_column_text][\/vc_column][\/vc_row][vc_row bg_color=&#8221;#f2f2f2&#8243; top_padding=&#8221;40&#8243; bottom_padding=&#8221;40&#8243; row_id=&#8221;quem-somos&#8221;][vc_column width=&#8221;2\/3&#8243;]<div class=\"spacer\" style=\"height: 40px;\"><\/div><div class=\"headline font-inherit fontsize-xxxxxl fontweight-300 lh-12 align-left transform-inherit \" style=\"margin: 0 0 10px 0; color: #274573;\">Our distinct features<\/div><div class=\"newdivider align-left\" style=\"border-bottom-style: solid; border-color: #b73a35; border-bottom-width: 5px; margin-top: 0; margin-bottom: 0; width: 100px; \"><\/div><div class=\"clear\"><\/div><div class=\"headline font-inherit fontsize-s fontweight-300 lh-12 align-left transform-inherit \" style=\"margin: 20px 0 40px 0; color: #595959;\">Expertise in the healthcare area with professionals trained to offer consultative service to customers with solutions that generate results.<\/div>[\/vc_column][vc_column bg_image=&#8221;15439&#8243; column_padding=&#8221;custom-padding&#8221; column_custompadding=&#8221;30px&#8221; width=&#8221;1\/3&#8243;]<div class=\"single_image wpb_content_element align-center   image_zoom imagem-de-destaque\" data-animation=\"none\" data-delay=\"0\"><img loading=\"lazy\" decoding=\"async\" width=\"1000\" height=\"667\" src=\"https:\/\/gruposuprimed.com.br\/en\/wp-content\/uploads\/2022\/07\/diferencial-1.jpg\" class=\"attachment-full\" alt=\"\" title=\"\" srcset=\"https:\/\/gruposuprimed.com.br\/en\/wp-content\/uploads\/2022\/07\/diferencial-1.jpg 1000w, https:\/\/gruposuprimed.com.br\/en\/wp-content\/uploads\/2022\/07\/diferencial-1-300x200.jpg 300w, https:\/\/gruposuprimed.com.br\/en\/wp-content\/uploads\/2022\/07\/diferencial-1-768x512.jpg 768w, https:\/\/gruposuprimed.com.br\/en\/wp-content\/uploads\/2022\/07\/diferencial-1-600x400.jpg 600w\" sizes=\"auto, (max-width: 1000px) 100vw, 1000px\" \/><\/div>[\/vc_column][\/vc_row][vc_row top_padding=&#8221;40&#8243; bottom_padding=&#8221;20&#8243; row_id=&#8221;quem-somos&#8221;][vc_column width=&#8221;1\/2&#8243;]<div class=\"spacer\" style=\"height: 20px;\"><\/div><div class=\"headline font-inherit fontsize-l fontweight-300 lh-inherit align-left transform-inherit \" style=\"margin: 0; color: #b73a35;\">Our location<\/div><div class=\"headline font-inherit fontsize-xxxxxl fontweight-300 lh-12 align-left transform-inherit \" style=\"margin: 0 0 10px 0; color: #274573;\">Nationwide excellence<\/div><div class=\"newdivider align-left\" style=\"border-bottom-style: solid; border-color: #b73a35; border-bottom-width: 5px; margin-top: 0; margin-bottom: 0; width: 100px; \"><\/div><div class=\"clear\"><\/div><div class=\"headline font-inherit fontsize-s fontweight-300 lh-12 align-left transform-inherit \" style=\"margin: 20px 0 40px 0; color: #595959;\">Quality products and excellence in standard service at the group&#8217;s seven units spread across the states of S\u00e3o Paulo, Rio de Janeiro, Rio Grande do Sul and Northern states with headquarters in Bel\u00e9m and Manaus.<\/div><a href=\"\/units\/\" target=\"_self\" class=\"button button-appear color-3 large \" style=\"border-radius: 4px;\"><span>Learn more about our units<i class='fa fa-chevron-right'><\/i><\/span><\/a>[\/vc_column][vc_column bg_image=&#8221;15439&#8243; width=&#8221;1\/2&#8243;][vc_column_text]<div class=\"map_wrapper\" id=\"map_wrapper_15493\">\n<div class=\"map_box\" style=\"max-width:2000px\">\n<div class=\"map_aspect_ratio\" style=\"padding-top:100%\" data-padding-top=\"100%\" data-padding-top-mobile=\"0%\">\n<div class=\"map_container\">\n<div class=\"map_render map_loading\" id=\"map_15493\"><\/div>\n<\/div>\n<\/div>\n<\/div>\n<\/div>[\/vc_column_text][\/vc_column][\/vc_row][vc_row top_padding=&#8221;40&#8243; bottom_padding=&#8221;80&#8243; row_id=&#8221;quem-somos&#8221;][vc_column bg_image=&#8221;15488&#8243; column_padding=&#8221;custom-padding&#8221; column_custompadding=&#8221;30px&#8221; column_center=&#8221;true&#8221; width=&#8221;1\/2&#8243;]<div class=\"single_image wpb_content_element align-center   image_zoom \" data-animation=\"none\" data-delay=\"0\"><img loading=\"lazy\" decoding=\"async\" width=\"731\" height=\"462\" src=\"https:\/\/gruposuprimed.com.br\/en\/wp-content\/uploads\/2022\/06\/trabalhe-conosco-1.png\" class=\"attachment-full\" alt=\"\" title=\"trabalhe-conosco\" srcset=\"https:\/\/gruposuprimed.com.br\/en\/wp-content\/uploads\/2022\/06\/trabalhe-conosco-1.png 731w, https:\/\/gruposuprimed.com.br\/en\/wp-content\/uploads\/2022\/06\/trabalhe-conosco-1-300x190.png 300w\" sizes=\"auto, (max-width: 731px) 100vw, 731px\" \/><\/div>[\/vc_column][vc_column width=&#8221;1\/2&#8243;]<div class=\"headline font-inherit fontsize-l fontweight-300 lh-inherit align-left transform-inherit \" style=\"margin: 0; color: #b73a35;\">Careers<\/div><div class=\"headline font-inherit fontsize-xxxxxl fontweight-300 lh-12 align-left transform-inherit \" style=\"margin: 0 0 10px 0; color: #274573;\">You too can make a difference!<\/div><div class=\"newdivider align-left\" style=\"border-bottom-style: solid; border-color: #b73a35; border-bottom-width: 5px; margin-top: 0; margin-bottom: 0; width: 100px; \"><\/div><div class=\"clear\"><\/div><div class=\"headline font-inherit fontsize-s fontweight-300 lh-12 align-left transform-inherit \" style=\"margin: 20px 0 40px 0; color: #595959;\">Come and be part of a team that impacts thousands of lives every year with technology, quality and innovation to change healthcare in Brazil.<\/div><a href=\"\/job-opportunities\/\" target=\"_self\" class=\"button button-appear color-3 large \" style=\"border-radius: 4px;\"><span>Check Out Our Opportunities!<i class='fa fa-chevron-right'><\/i><\/span><\/a>[\/vc_column][\/vc_row]<\/p>\n<\/div>","protected":false},"excerpt":{"rendered":"<p>[vc_row type=&#8221;full_width_section&#8221; bg_position=&#8221;left top&#8221;][vc_column width=&#8221;1\/1&#8243;][rev_slider_vc alias=&#8221;home-suprimed&#8221;][\/vc_column][\/vc_row][vc_row top_padding=&#8221;40&#8243; bottom_padding=&#8221;80&#8243; row_id=&#8221;quem-somos&#8221;][vc_column bg_image=&#8221;15439&#8243; column_padding=&#8221;custom-padding&#8221; column_custompadding=&#8221;30px&#8221; column_center=&#8221;true&#8221; width=&#8221;1\/2&#8243;][\/vc_column][vc_column width=&#8221;1\/2&#8243;][\/vc_column][\/vc_row][vc_row bg_image=&#8221;15502&#8243; bg_repeat=&#8221;repeat&#8221; bg_color=&#8221;#f7f7f7&#8243; top_padding=&#8221;40&#8243; bottom_padding=&#8221;80&#8243; row_id=&#8221;o-que-fazemos&#8221;][vc_column width=&#8221;1\/6&#8243;][\/vc_column][vc_column width=&#8221;2\/3&#8243;][\/vc_column][vc_column width=&#8221;1\/6&#8243;][\/vc_column][vc_column el_class=&#8221;servicos-item&#8221; bg_color=&#8221;#ffffff&#8221; text_align=&#8221;center&#8221; width=&#8221;1\/4&#8243;][\/vc_column][vc_column el_class=&#8221;servicos-item&#8221; bg_color=&#8221;#ffffff&#8221; text_align=&#8221;center&#8221; width=&#8221;1\/4&#8243;][\/vc_column][vc_column el_class=&#8221;servicos-item&#8221; bg_color=&#8221;#ffffff&#8221; text_align=&#8221;center&#8221; width=&#8221;1\/4&#8243;][\/vc_column][vc_column el_class=&#8221;servicos-item&#8221; bg_color=&#8221;#ffffff&#8221; text_align=&#8221;center&#8221; width=&#8221;1\/4&#8243;][\/vc_column][\/vc_row][vc_row top_padding=&#8221;40&#8243; bottom_padding=&#8221;80&#8243; row_id=&#8221;parceiros&#8221;][vc_column width=&#8221;1\/1&#8243;][vc_column_text][\/vc_column_text][\/vc_column][\/vc_row][vc_row bg_color=&#8221;#f2f2f2&#8243; top_padding=&#8221;40&#8243; bottom_padding=&#8221;40&#8243; row_id=&#8221;quem-somos&#8221;][vc_column width=&#8221;2\/3&#8243;][\/vc_column][vc_column bg_image=&#8221;15439&#8243; column_padding=&#8221;custom-padding&#8221; column_custompadding=&#8221;30px&#8221; width=&#8221;1\/3&#8243;][\/vc_column][\/vc_row][vc_row top_padding=&#8221;40&#8243; bottom_padding=&#8221;20&#8243; row_id=&#8221;quem-somos&#8221;][vc_column width=&#8221;1\/2&#8243;][\/vc_column][vc_column bg_image=&#8221;15439&#8243; width=&#8221;1\/2&#8243;][vc_column_text][\/vc_column_text][\/vc_column][\/vc_row][vc_row top_padding=&#8221;40&#8243; bottom_padding=&#8221;80&#8243; row_id=&#8221;quem-somos&#8221;][vc_column bg_image=&#8221;15488&#8243; column_padding=&#8221;custom-padding&#8221; column_custompadding=&#8221;30px&#8221; column_center=&#8221;true&#8221; width=&#8221;1\/2&#8243;][\/vc_column][vc_column width=&#8221;1\/2&#8243;][\/vc_column][\/vc_row]<\/p>\n","protected":false},"author":1,"featured_media":0,"parent":0,"menu_order":0,"comment_status":"closed","ping_status":"closed","template":"","meta":{"footnotes":""},"class_list":["post-4174","page","type-page","status-publish","hentry"],"_links":{"self":[{"href":"https:\/\/gruposuprimed.com.br\/en\/wp-json\/wp\/v2\/pages\/4174","targetHints":{"allow":["GET"]}}],"collection":[{"href":"https:\/\/gruposuprimed.com.br\/en\/wp-json\/wp\/v2\/pages"}],"about":[{"href":"https:\/\/gruposuprimed.com.br\/en\/wp-json\/wp\/v2\/types\/page"}],"author":[{"embeddable":true,"href":"https:\/\/gruposuprimed.com.br\/en\/wp-json\/wp\/v2\/users\/1"}],"replies":[{"embeddable":true,"href":"https:\/\/gruposuprimed.com.br\/en\/wp-json\/wp\/v2\/comments?post=4174"}],"version-history":[{"count":4,"href":"https:\/\/gruposuprimed.com.br\/en\/wp-json\/wp\/v2\/pages\/4174\/revisions"}],"predecessor-version":[{"id":16614,"href":"https:\/\/gruposuprimed.com.br\/en\/wp-json\/wp\/v2\/pages\/4174\/revisions\/16614"}],"wp:attachment":[{"href":"https:\/\/gruposuprimed.com.br\/en\/wp-json\/wp\/v2\/media?parent=4174"}],"curies":[{"name":"wp","href":"https:\/\/api.w.org\/{rel}","templated":true}]}}