{"id":4982,"date":"2014-03-18T16:32:51","date_gmt":"2014-03-18T16:32:51","guid":{"rendered":"http:\/\/localhost:8888\/themes\/ventory\/?page_id=4982"},"modified":"2023-11-23T13:38:45","modified_gmt":"2023-11-23T13:38:45","slug":"job-opportunities","status":"publish","type":"page","link":"https:\/\/gruposuprimed.com.br\/en\/job-opportunities\/","title":{"rendered":"Job Opportunities"},"content":{"rendered":"<div class=\"wpb-content-wrapper\"><p>[vc_row bg_image=&#8221;15699&#8243; bg_repeat=&#8221;repeat&#8221; bg_color=&#8221;#1cbac8&#8243; text_color=&#8221;light&#8221; top_padding=&#8221;50&#8243; bottom_padding=&#8221;60&#8243; bg_position=&#8221;center center&#8221;][vc_column width=&#8221;1\/1&#8243;]<h1 class=\"headline font-special fontsize-xxxxl fontweight-700 lh-12 align-center transform-uppercase \" style=\"margin: 0;\">Job Opportunities<\/h1><div class=\"headline font-inherit fontsize-m fontweight-300 lh-12 align-center transform-inherit \" style=\"margin: 0; color: rgba(255,255,255,0.6);\">Join us and be part of a team that impacts more than 8,000 lives a year<br \/>\nwith technology, quality and innovation to change healthcare in Brazil.<\/div>[\/vc_column][\/vc_row][vc_row bg_image=&#8221;15705&#8243; bg_repeat=&#8221;repeat&#8221; top_padding=&#8221;0&#8243; bottom_padding=&#8221;0&#8243; bg_position=&#8221;left top&#8221;][vc_column width=&#8221;1\/6&#8243;][\/vc_column][vc_column bg_color=&#8221;#ffffff&#8221; column_padding=&#8221;padding-5&#8243; width=&#8221;2\/3&#8243;]<h2 class=\"headline font-special fontsize-m fontweight-700 lh-inherit align-center transform-uppercase \" style=\"margin: 0;\">JOIN OUR TEAM!<\/h2>[vc_column_text]<\/p>\n<p style=\"text-align: center;\">Below are some of our job openings at the<br \/>\nSuprimed Group Units[\/vc_column_text][vc_column_text]<div role=\"form\" class=\"wpcf7\" id=\"wpcf7-f15781-o1\" lang=\"pt-PT\" dir=\"ltr\">\n<div class=\"screen-reader-response\"><\/div>\n<form action=\"\/en\/wp-json\/wp\/v2\/pages\/4982#wpcf7-f15781-o1\" method=\"post\" class=\"wpcf7-form\" enctype=\"multipart\/form-data\" novalidate=\"novalidate\">\n<div style=\"display: none;\">\n<input type=\"hidden\" name=\"_wpcf7\" value=\"15781\" \/>\n<input type=\"hidden\" name=\"_wpcf7_version\" value=\"5.0.4\" \/>\n<input type=\"hidden\" name=\"_wpcf7_locale\" value=\"pt_PT\" \/>\n<input type=\"hidden\" name=\"_wpcf7_unit_tag\" value=\"wpcf7-f15781-o1\" \/>\n<input type=\"hidden\" name=\"_wpcf7_container_post\" value=\"0\" \/>\n<\/div>\n<p><span class=\"wpcf7-form-control-wrap Nome\"><input type=\"text\" name=\"Nome\" value=\"\" size=\"40\" class=\"wpcf7-form-control wpcf7-text wpcf7-validates-as-required\" aria-required=\"true\" aria-invalid=\"false\" placeholder=\"Nome:\" \/><\/span><br \/>\n<span class=\"wpcf7-form-control-wrap Email\"><input type=\"email\" name=\"Email\" value=\"\" size=\"40\" class=\"wpcf7-form-control wpcf7-text wpcf7-email wpcf7-validates-as-required wpcf7-validates-as-email\" aria-required=\"true\" aria-invalid=\"false\" placeholder=\"E-mail:\" \/><\/span><br \/>\n<span class=\"wpcf7-form-control-wrap Telefone\"><input type=\"tel\" name=\"Telefone\" value=\"\" size=\"40\" class=\"wpcf7-form-control wpcf7-text wpcf7-tel wpcf7-validates-as-required wpcf7-validates-as-tel\" aria-required=\"true\" aria-invalid=\"false\" placeholder=\"Telefone:\" \/><\/span><br \/>\n<span class=\"wpcf7-form-control-wrap Celular\"><input type=\"tel\" name=\"Celular\" value=\"\" size=\"40\" class=\"wpcf7-form-control wpcf7-text wpcf7-tel wpcf7-validates-as-tel\" aria-invalid=\"false\" placeholder=\"Celular:\" \/><\/span><br \/>\n<label>Anexe seu curr\u00edculo: *<\/label><br \/>\n<span class=\"wpcf7-form-control-wrap curriculo\"><input type=\"file\" name=\"curriculo\" size=\"40\" class=\"wpcf7-form-control wpcf7-file wpcf7-validates-as-required\" accept=\".jpg,.jpeg,.png,.gif,.pdf,.doc,.docx,.ppt,.pptx,.odt,.avi,.ogg,.m4a,.mov,.mp3,.mp4,.mpg,.wav,.wmv\" aria-required=\"true\" aria-invalid=\"false\" \/><\/span><br \/>\n<label>Vaga de interesse: *<\/label><br \/>\n<span class=\"wpcf7-form-control-wrap Vaga\"><select name=\"Vaga\" class=\"wpcf7-form-control wpcf7-select wpcf7-validates-as-required\" aria-required=\"true\" aria-invalid=\"false\"><option value=\"\">---<\/option><option value=\"Assessor T\u00e9cnico \u2013 Sul de Minas\/MG\">Assessor T\u00e9cnico \u2013 Sul de Minas\/MG<\/option><option value=\"Analista Fiscal \u2013 S\u00e3o Jos\u00e9 de Campos\/SP e Regi\u00e3o\">Analista Fiscal \u2013 S\u00e3o Jos\u00e9 de Campos\/SP e Regi\u00e3o<\/option><option value=\"Analista Departamento Pessoal \u2013 S\u00e3o Jos\u00e9 de Campos\/SP e Regi\u00e3o\">Analista Departamento Pessoal \u2013 S\u00e3o Jos\u00e9 de Campos\/SP e Regi\u00e3o<\/option><\/select><\/span><br \/>\n<span class=\"wpcf7-form-control-wrap Mensagem\"><textarea name=\"Mensagem\" cols=\"40\" rows=\"10\" class=\"wpcf7-form-control wpcf7-textarea\" aria-invalid=\"false\" placeholder=\"Mensagem:\"><\/textarea><\/span><br \/>\n<span class=\"wpcf7-form-control-wrap aceito\"><span class=\"wpcf7-form-control wpcf7-acceptance\"><span class=\"wpcf7-list-item\"><label><input type=\"checkbox\" name=\"aceito\" value=\"1\" aria-invalid=\"false\" \/><span class=\"wpcf7-list-item-label\">Eu concordo em fornecer meu consentimento para que o Grupo Suprimed utilize meus dados pessoais no processo de recrutamento e sele\u00e7\u00e3o. Estou ciente de que posso revogar meu consentimento, a qualquer tempo, enviando um e-mail para <a href=\"mailto:dpo@gruposuprimed.com.br\" target=\"_blank\">dpo@gruposuprimed.com.br<\/a> ou preenchendo o formul\u00e1rio de requisi\u00e7\u00e3o de direitos\u00a0<a href=\"https:\/\/docs.google.com\/forms\/d\/1ZSadL9qgl-Zb28UoxUcK8ciKZt0YcTFzgbOAR0x5NU4\/edit\">neste link<\/a>. Para mais esclarecimentos sobre o tratamento de dados realizado pelo Grupo Suprimed devo acessar a <a href=\"https:\/\/docs.google.com\/document\/d\/1Xsx5NInRdrSSSsLwtUA4gC78oPwSfTafrrx_alDPGhw\/edit?usp=drive_link\" target=\"_blank\">Pol\u00edtica de Privacidade<\/a>.<\/span><\/label><\/span><\/span><\/span><br \/>\n<br><br><br \/>\n<span class=\"wpcf7-form-control-wrap concordo\"><span class=\"wpcf7-form-control wpcf7-acceptance\"><span class=\"wpcf7-list-item\"><label><input type=\"checkbox\" name=\"concordo\" value=\"1\" aria-invalid=\"false\" \/><span class=\"wpcf7-list-item-label\">Eu concordo em fornecer meu consentimento para que o Grupo Suprimed utilize meus dados pessoais e profissionais no banco de talentos pelo prazo m\u00e1ximo de 6 meses.<\/span><\/label><\/span><\/span><\/span><br \/>\n<br><br><br \/>\n<input type=\"submit\" value=\"Enviar\" class=\"wpcf7-form-control wpcf7-submit\" \/><\/p>\n<div class=\"wpcf7-response-output wpcf7-display-none\"><\/div><\/form><\/div>[\/vc_column_text][\/vc_column][vc_column width=&#8221;1\/6&#8243;][\/vc_column][\/vc_row]<\/p>\n<\/div>","protected":false},"excerpt":{"rendered":"<p>[vc_row bg_image=&#8221;15699&#8243; bg_repeat=&#8221;repeat&#8221; bg_color=&#8221;#1cbac8&#8243; text_color=&#8221;light&#8221; top_padding=&#8221;50&#8243; bottom_padding=&#8221;60&#8243; bg_position=&#8221;center center&#8221;][vc_column width=&#8221;1\/1&#8243;][\/vc_column][\/vc_row][vc_row bg_image=&#8221;15705&#8243; bg_repeat=&#8221;repeat&#8221; top_padding=&#8221;0&#8243; bottom_padding=&#8221;0&#8243; bg_position=&#8221;left top&#8221;][vc_column width=&#8221;1\/6&#8243;][\/vc_column][vc_column bg_color=&#8221;#ffffff&#8221; column_padding=&#8221;padding-5&#8243; width=&#8221;2\/3&#8243;][vc_column_text] Below are some of our job openings at the Suprimed Group Units[\/vc_column_text][vc_column_text][\/vc_column_text][\/vc_column][vc_column width=&#8221;1\/6&#8243;][\/vc_column][\/vc_row]<\/p>\n","protected":false},"author":1,"featured_media":0,"parent":0,"menu_order":0,"comment_status":"open","ping_status":"closed","template":"","meta":{"footnotes":""},"class_list":["post-4982","page","type-page","status-publish","hentry"],"_links":{"self":[{"href":"https:\/\/gruposuprimed.com.br\/en\/wp-json\/wp\/v2\/pages\/4982","targetHints":{"allow":["GET"]}}],"collection":[{"href":"https:\/\/gruposuprimed.com.br\/en\/wp-json\/wp\/v2\/pages"}],"about":[{"href":"https:\/\/gruposuprimed.com.br\/en\/wp-json\/wp\/v2\/types\/page"}],"author":[{"embeddable":true,"href":"https:\/\/gruposuprimed.com.br\/en\/wp-json\/wp\/v2\/users\/1"}],"replies":[{"embeddable":true,"href":"https:\/\/gruposuprimed.com.br\/en\/wp-json\/wp\/v2\/comments?post=4982"}],"version-history":[{"count":2,"href":"https:\/\/gruposuprimed.com.br\/en\/wp-json\/wp\/v2\/pages\/4982\/revisions"}],"predecessor-version":[{"id":16615,"href":"https:\/\/gruposuprimed.com.br\/en\/wp-json\/wp\/v2\/pages\/4982\/revisions\/16615"}],"wp:attachment":[{"href":"https:\/\/gruposuprimed.com.br\/en\/wp-json\/wp\/v2\/media?parent=4982"}],"curies":[{"name":"wp","href":"https:\/\/api.w.org\/{rel}","templated":true}]}}